{"id":929,"date":"2025-11-24T18:10:21","date_gmt":"2025-11-24T17:10:21","guid":{"rendered":"https:\/\/kunstoff.mx\/?page_id=929"},"modified":"2025-11-24T18:19:03","modified_gmt":"2025-11-24T17:19:03","slug":"aviso-de-privacidad","status":"publish","type":"page","link":"https:\/\/kunstoff.mx\/en\/aviso-de-privacidad\/","title":{"rendered":"Privacy Notice"},"content":{"rendered":"<style>.elementor-929 .elementor-element.elementor-element-6d4d903{--display:flex;--flex-direction:column;--container-widget-width:100%;--container-widget-height:initial;--container-widget-flex-grow:0;--container-widget-align-self:initial;--flex-wrap-mobile:wrap;}.elementor-929 .elementor-element.elementor-element-4220fc8{--display:flex;--flex-direction:column;--container-widget-width:100%;--container-widget-height:initial;--container-widget-flex-grow:0;--container-widget-align-self:initial;--flex-wrap-mobile:wrap;}.elementor-929 .elementor-element.elementor-element-cfc5b1e{margin:200px 0px calc(var(--kit-widget-spacing, 0px) + 0px) 0px;}.elementor-929 .elementor-element.elementor-element-0c6dbad{--display:flex;}.elementor-929 .elementor-element.elementor-element-08b9d24{font-family:\"Montserrat\", Sans-serif;font-size:1em;}.elementor-929 .elementor-element.elementor-element-08b9d24 p{margin-block-end:6px;}<\/style>\t\t<div data-elementor-type=\"wp-page\" data-elementor-id=\"929\" class=\"elementor elementor-929\" data-elementor-post-type=\"page\">\n\t\t\t\t<div class=\"elementor-element elementor-element-6d4d903 e-flex e-con-boxed e-con e-parent\" data-id=\"6d4d903\" data-element_type=\"container\">\n\t\t\t\t\t<div class=\"e-con-inner\">\n\t\t\t\t\t<\/div>\n\t\t\t\t<\/div>\n\t\t<div class=\"elementor-element elementor-element-4220fc8 e-flex e-con-boxed e-con e-parent\" data-id=\"4220fc8\" data-element_type=\"container\">\n\t\t\t\t\t<div class=\"e-con-inner\">\n\t\t\t\t<div class=\"elementor-element elementor-element-cfc5b1e elementor-widget elementor-widget-heading\" data-id=\"cfc5b1e\" data-element_type=\"widget\" data-widget_type=\"heading.default\">\n\t\t\t\t\t<h2 class=\"elementor-heading-title elementor-size-default\">Privacy Notice<br><\/h2>\t\t\t\t<\/div>\n\t\t\t\t\t<\/div>\n\t\t\t\t<\/div>\n\t\t<div class=\"elementor-element elementor-element-0c6dbad e-flex e-con-boxed e-con e-parent\" data-id=\"0c6dbad\" data-element_type=\"container\">\n\t\t\t\t\t<div class=\"e-con-inner\">\n\t\t\t\t<div class=\"elementor-element elementor-element-08b9d24 elementor-widget elementor-widget-text-editor\" data-id=\"08b9d24\" data-element_type=\"widget\" data-widget_type=\"text-editor.default\">\n\t\t\t\t\t\t\t\t\t<p class=\"translation-block\"><strong>Kunstoff Technologie, S.A. de C.V.<\/strong>, better known as <strong>KUNSTOFF TECHNOLOGIE<\/strong>, with registered address at <strong>GUAYAQUIRI Street #624, UNIT 11<\/strong>, <strong>LOMA BONITA NORTE<\/strong> neighborhood, in the city of <strong>QUER\u00c9TARO<\/strong>, municipality or delegation <strong>QUER\u00c9TARO<\/strong>, Postal Code <strong>76118<\/strong>, in the state of <strong>QUER\u00c9TARO<\/strong>, country <strong>MEXICO<\/strong>, and website <strong>www.kunstoff.mx<\/strong>, is responsible for the use and protection of your personal data, and in this regard we inform you of the following:<\/p>\n<h3><br><\/h3><h3>For what purposes will we use your personal data?<\/h3>\n<p>Additionally, we will use your personal information for the following purposes, which are not necessary for the requested service but allow us and facilitate providing you with better service:<\/p>\n<ul>\n<li>Commercial<\/li>\n<li>Billing<\/li>\n<li>Commercial Prospecting<\/li>\n<\/ul>\n<h3><br><\/h3><h3>What data will we use for these purposes?<\/h3>\n<p>To carry out the purposes described in this privacy notice, we will use the following personal data:<\/p>\n<ul>\n<li>Name<\/li>\n<li>Federal Taxpayer Registry (RFC)<\/li>\n<li>Address<\/li>\n<li>Email address<\/li>\n<\/ul>\n<h3><br><\/h3><h3>How can you access, rectify, or cancel your personal data, or object to its use?<\/h3>\n<p>You have the right to know what personal data we have about you, what we use it for, and the conditions under which we use it (Access). Likewise, it is your right to request the correction of your personal information if it is outdated, inaccurate, or incomplete (Rectification); to request its deletion from our records or databases when you believe it is not being used appropriately (Cancellation); as well as to object to the use of your personal data for specific purposes (Opposition). These rights are known as <strong>ARCO rights<\/strong>.<\/p>\n<p>To exercise any of the ARCO rights, you must submit the corresponding request through the following means:<\/p>\n<p><strong>Email address<\/strong> admon@kunstoff.mx and contabilidad@kunstoff.mx<\/p>\n<h4><br><\/h4><h4>Information on the procedure to exercise ARCO rights:<\/h4>\n<ul>\n<li><strong>Through what means can you prove your identity?<\/strong> Voter Identification Card.<\/li>\n<li><strong>What information must the request contain?<\/strong> General Information.<\/li>\n<li><strong>Within how many days will a response be provided?<\/strong> 10 business days.<\/li>\n<li><strong>By what means will the response be communicated?<\/strong> Email address<\/li>\n<li><strong>Through what means can personal data be reproduced?<\/strong> Email address<\/li>\n<\/ul>\n<h3><br><\/h3><h3>Contact details of the personal data department<\/h3>\n<p><strong>Name:<\/strong> Francisca Salinas Ruiz<br><strong>Address:<\/strong> Guayaquiri Street #624, Unit 11, Loma Bonita Norte, Quer\u00e9taro, Quer\u00e9taro, Postal Code 76118, Mexico.<br><strong>Email address:<\/strong> fsalinas@kunstoff.mx<br><strong>Phone:<\/strong> +52 442 218 3847 ext. 102<\/p>\n<h3><br><\/h3><h3>You may revoke your consent<\/h3>\n<p>You may revoke the consent you have granted us for the processing of your personal data. However, it will not always be possible to fulfill your request or cease its use immediately, as due to legal obligations we may be required to continue processing such data.<\/p>\n<p>To revoke your consent, you must submit your request through the following means:<\/p>\n<p><strong>Email address<\/strong> admon@kunstoff.mx and contabilidad@kunstoff.mx<\/p>\n<h3><br><\/h3><h3>How can you limit the use or disclosure of your personal information?<\/h3>\n<p>To limit the use or disclosure of your personal information, we provide the following means:<\/p>\n<p><strong>Email address<\/strong><\/p>\n<h3><br><\/h3><h3>How can you learn about changes to this privacy notice?<\/h3>\n<p>This privacy notice may undergo modifications, changes, or updates due to new legal requirements, our own needs regarding the products or services we offer, our privacy practices, changes in our business model, or other causes.<\/p>\n<p>We recommend frequently consulting our website to stay informed of any changes that may occur to this privacy notice.<\/p>\t\t\t\t\t\t\t\t<\/div>\n\t\t\t\t\t<\/div>\n\t\t\t\t<\/div>\n\t\t\t\t<\/div>","protected":false},"excerpt":{"rendered":"<p>Aviso de privacidad Kunstoff Technologie, S.A. de C.V., mejor conocido como KUNSTOFF TECHNOLOGIE, con domicilio en calle GUAYAQUIRI #624 NAVE 11, colonia LOMA BONITA NORTE, ciudad QUER\u00c9TARO, municipio o delegaci\u00f3n QUER\u00c9TARO, C.P. 76118, en la entidad de QUER\u00c9TARO, pa\u00eds M\u00c9XICO, portal de internet www.kunstoff.mx, es el responsable del uso y protecci\u00f3n de sus datos personales, [&hellip;]<\/p>","protected":false},"author":1,"featured_media":0,"parent":0,"menu_order":0,"comment_status":"closed","ping_status":"closed","template":"elementor_header_footer","meta":{"footnotes":""},"class_list":["post-929","page","type-page","status-publish","hentry"],"_links":{"self":[{"href":"https:\/\/kunstoff.mx\/en\/wp-json\/wp\/v2\/pages\/929","targetHints":{"allow":["GET"]}}],"collection":[{"href":"https:\/\/kunstoff.mx\/en\/wp-json\/wp\/v2\/pages"}],"about":[{"href":"https:\/\/kunstoff.mx\/en\/wp-json\/wp\/v2\/types\/page"}],"author":[{"embeddable":true,"href":"https:\/\/kunstoff.mx\/en\/wp-json\/wp\/v2\/users\/1"}],"replies":[{"embeddable":true,"href":"https:\/\/kunstoff.mx\/en\/wp-json\/wp\/v2\/comments?post=929"}],"version-history":[{"count":13,"href":"https:\/\/kunstoff.mx\/en\/wp-json\/wp\/v2\/pages\/929\/revisions"}],"predecessor-version":[{"id":944,"href":"https:\/\/kunstoff.mx\/en\/wp-json\/wp\/v2\/pages\/929\/revisions\/944"}],"wp:attachment":[{"href":"https:\/\/kunstoff.mx\/en\/wp-json\/wp\/v2\/media?parent=929"}],"curies":[{"name":"wp","href":"https:\/\/api.w.org\/{rel}","templated":true}]}}